{"id":4436,"date":"2022-03-30T16:05:34","date_gmt":"2022-03-30T16:05:34","guid":{"rendered":"https:\/\/www.pcimembranes.com\/?page_id=4436"},"modified":"2025-07-25T09:58:33","modified_gmt":"2025-07-25T09:58:33","slug":"systemy-filtracji-membranowej","status":"publish","type":"page","link":"https:\/\/www.pcimembranes.com\/pl\/systemy-filtracji-membranowej\/","title":{"rendered":"Systemy Filtracji Membranowej"},"content":{"rendered":"\n<div class=\"wp-block-cover alignfull has-background-dim-10 has-background-dim\" style=\"min-height:256px;aspect-ratio:unset;\"><img loading=\"lazy\" decoding=\"async\" width=\"1400\" height=\"787\" class=\"wp-block-cover__image-background wp-image-3982\" alt=\"\" src=\"https:\/\/www.pcimembranes.com\/wp-content\/uploads\/2021\/08\/MicrosoftTeams-image-_2.jpg\" data-object-fit=\"cover\" srcset=\"https:\/\/www.pcimembranes.com\/wp-content\/uploads\/2021\/08\/MicrosoftTeams-image-_2.jpg 1400w, https:\/\/www.pcimembranes.com\/wp-content\/uploads\/2021\/08\/MicrosoftTeams-image-_2-300x169.jpg 300w, https:\/\/www.pcimembranes.com\/wp-content\/uploads\/2021\/08\/MicrosoftTeams-image-_2-1024x576.jpg 1024w, https:\/\/www.pcimembranes.com\/wp-content\/uploads\/2021\/08\/MicrosoftTeams-image-_2-768x432.jpg 768w\" sizes=\"auto, (max-width: 1400px) 100vw, 1400px\" \/><div class=\"wp-block-cover__inner-container is-layout-flow wp-block-cover-is-layout-flow\">\n\n<h1 class=\"has-text-align-center wp-block-heading\">Systemy Filtracji Membranowej<\/h1>\n\n<\/div><\/div>\n\n\n\n<!--Close-->\t\n<\/div><\/div><\/section>\n<!--Menu-->\n<div class=\"no-top-margin\">\n<div class=\"msb-sticky-bar\">\n<div class=\"container\">\n  <div class=\"row\">\n    <div class=\"col-sm text-center\">\n      <a href=\"https:\/\/www.pcimembranes.com\/contactus\/\" class=\"btn btn-primary solution-trigger\">POROZMAWIAJ Z NASZYM EKSPERTEM<\/a>\n    <\/div>\n  <\/div>\n<\/div>\n<\/div>\n<\/div>\n<!--Open-->\n<section class=\"container\"><div class=\"row\"><div class=\"col-md-12\">\n\n\n\n<p>Po wst\u0119pnej ocenie i zako\u0144czonej pr\u00f3bie pilota\u017cowej, kolejnym krokiem jest realizacja systemu na pe\u0142n\u0105 skal\u0119. Nasze podej\u015bcie zapewnia najwy\u017csz\u0105 mo\u017cliw\u0105 skalowalno\u015b\u0107 dzi\u0119ki ogromnemu do\u015bwiadczeniu i pracy na rzeczywistych danych otrzymanych z pr\u00f3b pilota\u017cowych.<\/p>\n\n\n\n<p>Systemy filtracji membranowej s\u0105 sercem wielu proces\u00f3w separacji. Badania i rozw\u00f3j zastosowa\u0144, projektowanie sprz\u0119tu i jako\u015b\u0107 produkcji to wa\u017cne aspekty og\u00f3lnego sukcesu projektu. Aby rozpocz\u0105\u0107, nale\u017cy wybra\u0107 odpowiedni\u0105 konfiguracj\u0119 membrany. Do wyboru jest wiele format\u00f3w, w tym membrany tubularne, kapilarne i spiralne. Nast\u0119pnie nale\u017cy dobra\u0107 najodpowiedniejsze materia\u0142y membranowe i parametry pracy. W ko\u0144cu wybory musz\u0105 zosta\u0107 zweryfikowane poprzez zr\u00f3wnowa\u017cony program czyszczenia CIP i wymiany membran.<\/p>\n\n\n\n<div style=\"height:34px\" aria-hidden=\"true\" class=\"wp-block-spacer\"><\/div>\n\n\n\n<hr class=\"wp-block-separator has-css-opacity is-style-default\" \/>\n\n\n\n<div style=\"height:18px\" aria-hidden=\"true\" class=\"wp-block-spacer\"><\/div>\n\n\n\n<h2 class=\"wp-block-heading has-text-align-center\">Przyk\u0142ady Stos\u00f3w Filtracji Membranowej<\/h2>\n\n\n\n<div style=\"height:18px\" aria-hidden=\"true\" class=\"wp-block-spacer\"><\/div>\n\n\n\n<div class=\"wp-block-columns is-layout-flex wp-container-core-columns-is-layout-9d6595d7 wp-block-columns-is-layout-flex\">\n<div class=\"wp-block-column is-layout-flow wp-block-column-is-layout-flow\">\n<figure class=\"wp-block-image size-large\"><img loading=\"lazy\" decoding=\"async\" width=\"1024\" height=\"768\" src=\"https:\/\/www.pcimembranes.com\/wp-content\/uploads\/2021\/10\/a-19-system-1024x768.jpg\" alt=\"\" class=\"wp-image-4089\" srcset=\"https:\/\/www.pcimembranes.com\/wp-content\/uploads\/2021\/10\/a-19-system-1024x768.jpg 1024w, https:\/\/www.pcimembranes.com\/wp-content\/uploads\/2021\/10\/a-19-system-300x225.jpg 300w, https:\/\/www.pcimembranes.com\/wp-content\/uploads\/2021\/10\/a-19-system-768x576.jpg 768w, https:\/\/www.pcimembranes.com\/wp-content\/uploads\/2021\/10\/a-19-system-1536x1152.jpg 1536w, https:\/\/www.pcimembranes.com\/wp-content\/uploads\/2021\/10\/a-19-system.jpg 1600w\" sizes=\"auto, (max-width: 1024px) 100vw, 1024px\" \/><\/figure>\n\n\n\n<p class=\"has-text-align-center has-white-color has-blue-background-color has-text-color has-background\"><strong>Stos A19<\/strong><\/p>\n\n\n\n<div class=\"wp-block-buttons is-layout-flex wp-block-buttons-is-layout-flex\"><\/div>\n<\/div>\n\n\n\n<div class=\"wp-block-column is-layout-flow wp-block-column-is-layout-flow\">\n<figure class=\"wp-block-image size-large\"><img loading=\"lazy\" decoding=\"async\" width=\"1024\" height=\"768\" src=\"https:\/\/www.pcimembranes.com\/wp-content\/uploads\/2021\/10\/C10-stack-product-1024x768.jpg\" alt=\"\" class=\"wp-image-4091\" srcset=\"https:\/\/www.pcimembranes.com\/wp-content\/uploads\/2021\/10\/C10-stack-product-1024x768.jpg 1024w, https:\/\/www.pcimembranes.com\/wp-content\/uploads\/2021\/10\/C10-stack-product-300x225.jpg 300w, https:\/\/www.pcimembranes.com\/wp-content\/uploads\/2021\/10\/C10-stack-product-768x576.jpg 768w, https:\/\/www.pcimembranes.com\/wp-content\/uploads\/2021\/10\/C10-stack-product-1536x1152.jpg 1536w, https:\/\/www.pcimembranes.com\/wp-content\/uploads\/2021\/10\/C10-stack-product.jpg 1600w\" sizes=\"auto, (max-width: 1024px) 100vw, 1024px\" \/><\/figure>\n\n\n\n<p class=\"has-text-align-center has-white-color has-blue-background-color has-text-color has-background\"><strong>Stos C10<\/strong><\/p>\n\n\n\n<div class=\"wp-block-buttons is-layout-flex wp-block-buttons-is-layout-flex\"><\/div>\n<\/div>\n\n\n\n<div class=\"wp-block-column is-layout-flow wp-block-column-is-layout-flow\">\n<figure class=\"wp-block-image size-large\"><img loading=\"lazy\" decoding=\"async\" width=\"1024\" height=\"768\" src=\"https:\/\/www.pcimembranes.com\/wp-content\/uploads\/2021\/10\/B1-Stack-1024x768.jpg\" alt=\"\" class=\"wp-image-4115\" srcset=\"https:\/\/www.pcimembranes.com\/wp-content\/uploads\/2021\/10\/B1-Stack-1024x768.jpg 1024w, https:\/\/www.pcimembranes.com\/wp-content\/uploads\/2021\/10\/B1-Stack-300x225.jpg 300w, https:\/\/www.pcimembranes.com\/wp-content\/uploads\/2021\/10\/B1-Stack-768x576.jpg 768w, https:\/\/www.pcimembranes.com\/wp-content\/uploads\/2021\/10\/B1-Stack-1536x1152.jpg 1536w, https:\/\/www.pcimembranes.com\/wp-content\/uploads\/2021\/10\/B1-Stack.jpg 1600w\" sizes=\"auto, (max-width: 1024px) 100vw, 1024px\" \/><\/figure>\n\n\n\n<p class=\"has-text-align-center has-white-color has-blue-background-color has-text-color has-background\"><strong>Stos B1<\/strong><\/p>\n\n\n\n<div class=\"wp-block-buttons is-layout-flex wp-block-buttons-is-layout-flex\"><\/div>\n<\/div>\n<\/div>\n\n\n\n<div style=\"height:18px\" aria-hidden=\"true\" class=\"wp-block-spacer\"><\/div>\n\n\n\n<div class=\"wp-block-cover alignfull has-background-dim-10 has-background-dim\" style=\"min-height:185px;aspect-ratio:unset;\"><img loading=\"lazy\" decoding=\"async\" width=\"2560\" height=\"783\" class=\"wp-block-cover__image-background wp-image-4009\" alt=\"\" src=\"https:\/\/www.pcimembranes.com\/wp-content\/uploads\/2021\/08\/banner-heading-3-scaled.jpg\" data-object-fit=\"cover\" srcset=\"https:\/\/www.pcimembranes.com\/wp-content\/uploads\/2021\/08\/banner-heading-3-scaled.jpg 2560w, https:\/\/www.pcimembranes.com\/wp-content\/uploads\/2021\/08\/banner-heading-3-300x92.jpg 300w, https:\/\/www.pcimembranes.com\/wp-content\/uploads\/2021\/08\/banner-heading-3-1024x313.jpg 1024w, https:\/\/www.pcimembranes.com\/wp-content\/uploads\/2021\/08\/banner-heading-3-768x235.jpg 768w, https:\/\/www.pcimembranes.com\/wp-content\/uploads\/2021\/08\/banner-heading-3-1536x470.jpg 1536w, https:\/\/www.pcimembranes.com\/wp-content\/uploads\/2021\/08\/banner-heading-3-2048x626.jpg 2048w\" sizes=\"auto, (max-width: 2560px) 100vw, 2560px\" \/><div class=\"wp-block-cover__inner-container is-layout-flow wp-block-cover-is-layout-flow\">\n\n<h2 class=\"has-text-align-center has-dark-gray-color has-text-color wp-block-heading\">Niestandardowe Systemy Filtracji Membranowej<\/h2>\n\n\n<p><\/p>\n\n<\/div><\/div>\n\n\n\n<div class=\"wp-block-columns is-layout-flex wp-container-core-columns-is-layout-9d6595d7 wp-block-columns-is-layout-flex\">\n<div class=\"wp-block-column is-layout-flow wp-block-column-is-layout-flow\" style=\"flex-basis:66.66%\">\n<p>Opr\u00f3cz oferowania pe\u0142nego portfolio rozwi\u0105za\u0144 membranowych do proces\u00f3w przemys\u0142owych, oferujemy systemy filtracji membranowej dostosowane do indywidualnych potrzeb, kt\u00f3re gwarantuj\u0105 optymaln\u0105 wydajno\u015b\u0107 dla konkretnego zastosowania. Podczas fazy projektowania systemu filtracji membranowej in\u017cynierowie PCI Membranes b\u0119d\u0105 wsp\u00f3\u0142pracowa\u0107 z Tob\u0105 w celu przeprowadzenia test\u00f3w pilota\u017cowych i zapewnienia optymalnego projektu, rozmiaru i konfiguracji pe\u0142nowymiarowego systemu filtracji membranowej. Razem mo\u017cemy zbudowa\u0107 w pe\u0142ni spersonalizowany system, kt\u00f3ry jest naprawd\u0119 odpowiedni dla Twojej aplikacji, bez wzgl\u0119du na to, jak wyj\u0105tkowy mo\u017ce by\u0107.<\/p>\n<\/div>\n\n\n\n<div class=\"wp-block-column is-vertically-aligned-center is-layout-flow wp-block-column-is-layout-flow\" style=\"flex-basis:33.33%\">\n<div class=\"wp-block-buttons is-layout-flex wp-block-buttons-is-layout-flex\">\n<div class=\"wp-block-button has-custom-width wp-block-button__width-100\"><a class=\"wp-block-button__link has-white-color has-text-color has-background wp-element-button\" href=\"https:\/\/www.pcimembranes.com\/contact-2\/\" style=\"background-color:#0085ca\">POROZMAWIAJ Z NASZYM EKSPERTEM<\/a><\/div>\n<\/div>\n<\/div>\n<\/div>\n","protected":false},"excerpt":{"rendered":"<p>POROZMAWIAJ Z NASZYM EKSPERTEM Po wst\u0119pnej ocenie i zako\u0144czonej pr\u00f3bie pilota\u017cowej, kolejnym krokiem jest realizacja systemu na pe\u0142n\u0105 skal\u0119. Nasze podej\u015bcie zapewnia najwy\u017csz\u0105 mo\u017cliw\u0105 skalowalno\u015b\u0107 dzi\u0119ki ogromnemu do\u015bwiadczeniu i pracy na rzeczywistych danych otrzymanych z pr\u00f3b pilota\u017cowych. Systemy filtracji membranowej s\u0105 sercem wielu proces\u00f3w separacji. Badania i rozw\u00f3j zastosowa\u0144, projektowanie sprz\u0119tu i jako\u015b\u0107 produkcji to [&hellip;]<\/p>\n","protected":false},"author":9,"featured_media":0,"parent":0,"menu_order":0,"comment_status":"closed","ping_status":"closed","template":"","meta":{"_acf_changed":false,"content-type":"","footnotes":""},"class_list":["post-4436","page","type-page","status-publish","hentry"],"acf":[],"yoast_head":"<!-- This site is optimized with the Yoast SEO plugin v27.3 - https:\/\/yoast.com\/product\/yoast-seo-wordpress\/ -->\n<title>Systemy Filtracji Membranowej - PCI Membranes<\/title>\n<meta name=\"robots\" content=\"index, follow, max-snippet:-1, max-image-preview:large, max-video-preview:-1\" \/>\n<link rel=\"canonical\" href=\"https:\/\/www.pcimembranes.com\/pl\/systemy-filtracji-membranowej\/\" \/>\n<meta property=\"og:locale\" content=\"pl_PL\" \/>\n<meta property=\"og:type\" content=\"article\" \/>\n<meta property=\"og:title\" content=\"Systemy Filtracji Membranowej - PCI Membranes\" \/>\n<meta property=\"og:description\" content=\"POROZMAWIAJ Z NASZYM EKSPERTEM Po wst\u0119pnej ocenie i zako\u0144czonej pr\u00f3bie pilota\u017cowej, kolejnym krokiem jest realizacja systemu na pe\u0142n\u0105 skal\u0119. Nasze podej\u015bcie zapewnia najwy\u017csz\u0105 mo\u017cliw\u0105 skalowalno\u015b\u0107 dzi\u0119ki ogromnemu do\u015bwiadczeniu i pracy na rzeczywistych danych otrzymanych z pr\u00f3b pilota\u017cowych. Systemy filtracji membranowej s\u0105 sercem wielu proces\u00f3w separacji. Badania i rozw\u00f3j zastosowa\u0144, projektowanie sprz\u0119tu i jako\u015b\u0107 produkcji to [&hellip;]\" \/>\n<meta property=\"og:url\" content=\"https:\/\/www.pcimembranes.com\/pl\/systemy-filtracji-membranowej\/\" \/>\n<meta property=\"og:site_name\" content=\"PCI Membranes\" \/>\n<meta property=\"article:modified_time\" content=\"2025-07-25T09:58:33+00:00\" \/>\n<meta property=\"og:image\" content=\"https:\/\/www.pcimembranes.com\/wp-content\/uploads\/2021\/08\/MicrosoftTeams-image-_2.jpg\" \/>\n\t<meta property=\"og:image:width\" content=\"1400\" \/>\n\t<meta property=\"og:image:height\" content=\"787\" \/>\n\t<meta property=\"og:image:type\" content=\"image\/jpeg\" \/>\n<meta name=\"twitter:card\" content=\"summary_large_image\" \/>\n<meta name=\"twitter:label1\" content=\"Szacowany czas czytania\" \/>\n\t<meta name=\"twitter:data1\" content=\"2 minuty\" \/>\n<script type=\"application\/ld+json\" class=\"yoast-schema-graph\">{\"@context\":\"https:\\\/\\\/schema.org\",\"@graph\":[{\"@type\":\"WebPage\",\"@id\":\"https:\\\/\\\/www.pcimembranes.com\\\/pl\\\/systemy-filtracji-membranowej\\\/\",\"url\":\"https:\\\/\\\/www.pcimembranes.com\\\/pl\\\/systemy-filtracji-membranowej\\\/\",\"name\":\"Systemy Filtracji Membranowej - PCI Membranes\",\"isPartOf\":{\"@id\":\"https:\\\/\\\/www.pcimembranes.com\\\/pl\\\/#website\"},\"primaryImageOfPage\":{\"@id\":\"https:\\\/\\\/www.pcimembranes.com\\\/pl\\\/systemy-filtracji-membranowej\\\/#primaryimage\"},\"image\":{\"@id\":\"https:\\\/\\\/www.pcimembranes.com\\\/pl\\\/systemy-filtracji-membranowej\\\/#primaryimage\"},\"thumbnailUrl\":\"https:\\\/\\\/www.pcimembranes.com\\\/wp-content\\\/uploads\\\/2021\\\/08\\\/MicrosoftTeams-image-_2.jpg\",\"datePublished\":\"2022-03-30T16:05:34+00:00\",\"dateModified\":\"2025-07-25T09:58:33+00:00\",\"breadcrumb\":{\"@id\":\"https:\\\/\\\/www.pcimembranes.com\\\/pl\\\/systemy-filtracji-membranowej\\\/#breadcrumb\"},\"inLanguage\":\"pl-PL\",\"potentialAction\":[{\"@type\":\"ReadAction\",\"target\":[\"https:\\\/\\\/www.pcimembranes.com\\\/pl\\\/systemy-filtracji-membranowej\\\/\"]}]},{\"@type\":\"ImageObject\",\"inLanguage\":\"pl-PL\",\"@id\":\"https:\\\/\\\/www.pcimembranes.com\\\/pl\\\/systemy-filtracji-membranowej\\\/#primaryimage\",\"url\":\"https:\\\/\\\/www.pcimembranes.com\\\/wp-content\\\/uploads\\\/2021\\\/08\\\/MicrosoftTeams-image-_2.jpg\",\"contentUrl\":\"https:\\\/\\\/www.pcimembranes.com\\\/wp-content\\\/uploads\\\/2021\\\/08\\\/MicrosoftTeams-image-_2.jpg\"},{\"@type\":\"BreadcrumbList\",\"@id\":\"https:\\\/\\\/www.pcimembranes.com\\\/pl\\\/systemy-filtracji-membranowej\\\/#breadcrumb\",\"itemListElement\":[{\"@type\":\"ListItem\",\"position\":1,\"name\":\"\",\"item\":\"https:\\\/\\\/www.pcimembranes.com\\\/pl\\\/\"},{\"@type\":\"ListItem\",\"position\":2,\"name\":\"Systemy Filtracji Membranowej\"}]},{\"@type\":\"WebSite\",\"@id\":\"https:\\\/\\\/www.pcimembranes.com\\\/pl\\\/#website\",\"url\":\"https:\\\/\\\/www.pcimembranes.com\\\/pl\\\/\",\"name\":\"PCI Membranes\",\"description\":\"Making the World Safer, Healthier and More Productive\",\"publisher\":{\"@id\":\"https:\\\/\\\/www.pcimembranes.com\\\/pl\\\/#organization\"},\"potentialAction\":[{\"@type\":\"SearchAction\",\"target\":{\"@type\":\"EntryPoint\",\"urlTemplate\":\"https:\\\/\\\/www.pcimembranes.com\\\/pl\\\/?s={search_term_string}\"},\"query-input\":{\"@type\":\"PropertyValueSpecification\",\"valueRequired\":true,\"valueName\":\"search_term_string\"}}],\"inLanguage\":\"pl-PL\"},{\"@type\":\"Organization\",\"@id\":\"https:\\\/\\\/www.pcimembranes.com\\\/pl\\\/#organization\",\"name\":\"Filtration Group\",\"url\":\"https:\\\/\\\/www.pcimembranes.com\\\/pl\\\/\",\"logo\":{\"@type\":\"ImageObject\",\"inLanguage\":\"pl-PL\",\"@id\":\"https:\\\/\\\/www.pcimembranes.com\\\/pl\\\/#\\\/schema\\\/logo\\\/image\\\/\",\"url\":\"https:\\\/\\\/www.pcimembranes.com\\\/wp-content\\\/uploads\\\/2019\\\/06\\\/FGC-logo-1.png\",\"contentUrl\":\"https:\\\/\\\/www.pcimembranes.com\\\/wp-content\\\/uploads\\\/2019\\\/06\\\/FGC-logo-1.png\",\"width\":1104,\"height\":224,\"caption\":\"Filtration Group\"},\"image\":{\"@id\":\"https:\\\/\\\/www.pcimembranes.com\\\/pl\\\/#\\\/schema\\\/logo\\\/image\\\/\"}}]}<\/script>\n<!-- \/ Yoast SEO plugin. -->","yoast_head_json":{"title":"Systemy Filtracji Membranowej - PCI Membranes","robots":{"index":"index","follow":"follow","max-snippet":"max-snippet:-1","max-image-preview":"max-image-preview:large","max-video-preview":"max-video-preview:-1"},"canonical":"https:\/\/www.pcimembranes.com\/pl\/systemy-filtracji-membranowej\/","og_locale":"pl_PL","og_type":"article","og_title":"Systemy Filtracji Membranowej - PCI Membranes","og_description":"POROZMAWIAJ Z NASZYM EKSPERTEM Po wst\u0119pnej ocenie i zako\u0144czonej pr\u00f3bie pilota\u017cowej, kolejnym krokiem jest realizacja systemu na pe\u0142n\u0105 skal\u0119. Nasze podej\u015bcie zapewnia najwy\u017csz\u0105 mo\u017cliw\u0105 skalowalno\u015b\u0107 dzi\u0119ki ogromnemu do\u015bwiadczeniu i pracy na rzeczywistych danych otrzymanych z pr\u00f3b pilota\u017cowych. Systemy filtracji membranowej s\u0105 sercem wielu proces\u00f3w separacji. Badania i rozw\u00f3j zastosowa\u0144, projektowanie sprz\u0119tu i jako\u015b\u0107 produkcji to [&hellip;]","og_url":"https:\/\/www.pcimembranes.com\/pl\/systemy-filtracji-membranowej\/","og_site_name":"PCI Membranes","article_modified_time":"2025-07-25T09:58:33+00:00","og_image":[{"width":1400,"height":787,"url":"https:\/\/www.pcimembranes.com\/wp-content\/uploads\/2021\/08\/MicrosoftTeams-image-_2.jpg","type":"image\/jpeg"}],"twitter_card":"summary_large_image","twitter_misc":{"Szacowany czas czytania":"2 minuty"},"schema":{"@context":"https:\/\/schema.org","@graph":[{"@type":"WebPage","@id":"https:\/\/www.pcimembranes.com\/pl\/systemy-filtracji-membranowej\/","url":"https:\/\/www.pcimembranes.com\/pl\/systemy-filtracji-membranowej\/","name":"Systemy Filtracji Membranowej - PCI Membranes","isPartOf":{"@id":"https:\/\/www.pcimembranes.com\/pl\/#website"},"primaryImageOfPage":{"@id":"https:\/\/www.pcimembranes.com\/pl\/systemy-filtracji-membranowej\/#primaryimage"},"image":{"@id":"https:\/\/www.pcimembranes.com\/pl\/systemy-filtracji-membranowej\/#primaryimage"},"thumbnailUrl":"https:\/\/www.pcimembranes.com\/wp-content\/uploads\/2021\/08\/MicrosoftTeams-image-_2.jpg","datePublished":"2022-03-30T16:05:34+00:00","dateModified":"2025-07-25T09:58:33+00:00","breadcrumb":{"@id":"https:\/\/www.pcimembranes.com\/pl\/systemy-filtracji-membranowej\/#breadcrumb"},"inLanguage":"pl-PL","potentialAction":[{"@type":"ReadAction","target":["https:\/\/www.pcimembranes.com\/pl\/systemy-filtracji-membranowej\/"]}]},{"@type":"ImageObject","inLanguage":"pl-PL","@id":"https:\/\/www.pcimembranes.com\/pl\/systemy-filtracji-membranowej\/#primaryimage","url":"https:\/\/www.pcimembranes.com\/wp-content\/uploads\/2021\/08\/MicrosoftTeams-image-_2.jpg","contentUrl":"https:\/\/www.pcimembranes.com\/wp-content\/uploads\/2021\/08\/MicrosoftTeams-image-_2.jpg"},{"@type":"BreadcrumbList","@id":"https:\/\/www.pcimembranes.com\/pl\/systemy-filtracji-membranowej\/#breadcrumb","itemListElement":[{"@type":"ListItem","position":1,"name":"","item":"https:\/\/www.pcimembranes.com\/pl\/"},{"@type":"ListItem","position":2,"name":"Systemy Filtracji Membranowej"}]},{"@type":"WebSite","@id":"https:\/\/www.pcimembranes.com\/pl\/#website","url":"https:\/\/www.pcimembranes.com\/pl\/","name":"PCI Membranes","description":"Making the World Safer, Healthier and More Productive","publisher":{"@id":"https:\/\/www.pcimembranes.com\/pl\/#organization"},"potentialAction":[{"@type":"SearchAction","target":{"@type":"EntryPoint","urlTemplate":"https:\/\/www.pcimembranes.com\/pl\/?s={search_term_string}"},"query-input":{"@type":"PropertyValueSpecification","valueRequired":true,"valueName":"search_term_string"}}],"inLanguage":"pl-PL"},{"@type":"Organization","@id":"https:\/\/www.pcimembranes.com\/pl\/#organization","name":"Filtration Group","url":"https:\/\/www.pcimembranes.com\/pl\/","logo":{"@type":"ImageObject","inLanguage":"pl-PL","@id":"https:\/\/www.pcimembranes.com\/pl\/#\/schema\/logo\/image\/","url":"https:\/\/www.pcimembranes.com\/wp-content\/uploads\/2019\/06\/FGC-logo-1.png","contentUrl":"https:\/\/www.pcimembranes.com\/wp-content\/uploads\/2019\/06\/FGC-logo-1.png","width":1104,"height":224,"caption":"Filtration Group"},"image":{"@id":"https:\/\/www.pcimembranes.com\/pl\/#\/schema\/logo\/image\/"}}]}},"_links":{"self":[{"href":"https:\/\/www.pcimembranes.com\/pl\/wp-json\/wp\/v2\/pages\/4436","targetHints":{"allow":["GET"]}}],"collection":[{"href":"https:\/\/www.pcimembranes.com\/pl\/wp-json\/wp\/v2\/pages"}],"about":[{"href":"https:\/\/www.pcimembranes.com\/pl\/wp-json\/wp\/v2\/types\/page"}],"author":[{"embeddable":true,"href":"https:\/\/www.pcimembranes.com\/pl\/wp-json\/wp\/v2\/users\/9"}],"replies":[{"embeddable":true,"href":"https:\/\/www.pcimembranes.com\/pl\/wp-json\/wp\/v2\/comments?post=4436"}],"version-history":[{"count":0,"href":"https:\/\/www.pcimembranes.com\/pl\/wp-json\/wp\/v2\/pages\/4436\/revisions"}],"wp:attachment":[{"href":"https:\/\/www.pcimembranes.com\/pl\/wp-json\/wp\/v2\/media?parent=4436"}],"curies":[{"name":"wp","href":"https:\/\/api.w.org\/{rel}","templated":true}]}}