{"id":8065,"date":"2024-10-22T16:27:04","date_gmt":"2024-10-22T16:27:04","guid":{"rendered":"https:\/\/www.pcimembranes.com\/?page_id=8065"},"modified":"2024-10-22T16:27:06","modified_gmt":"2024-10-22T16:27:06","slug":"filtracja-membranowa-w-produkcji-sosu-sojowego","status":"publish","type":"page","link":"https:\/\/www.pcimembranes.com\/pl\/filtracja-membranowa-w-produkcji-sosu-sojowego\/","title":{"rendered":"Filtracja Membranowa W Produkcji Sosu Sojowego"},"content":{"rendered":"\n<div class=\"wp-block-cover alignfull is-light\" style=\"min-height:298px;aspect-ratio:unset;\"><span aria-hidden=\"true\" class=\"wp-block-cover__background has-background-dim-30 has-background-dim\"><\/span><img loading=\"lazy\" decoding=\"async\" width=\"1928\" height=\"1615\" class=\"wp-block-cover__image-background wp-image-2803\" alt=\"\" src=\"https:\/\/www.pcimembranes.com\/wp-content\/uploads\/2021\/08\/soy-sauce-1.jpg\" style=\"object-position:45% 48%\" data-object-fit=\"cover\" data-object-position=\"45% 48%\" srcset=\"https:\/\/www.pcimembranes.com\/wp-content\/uploads\/2021\/08\/soy-sauce-1.jpg 1928w, https:\/\/www.pcimembranes.com\/wp-content\/uploads\/2021\/08\/soy-sauce-1-300x251.jpg 300w, https:\/\/www.pcimembranes.com\/wp-content\/uploads\/2021\/08\/soy-sauce-1-1024x858.jpg 1024w, https:\/\/www.pcimembranes.com\/wp-content\/uploads\/2021\/08\/soy-sauce-1-768x643.jpg 768w, https:\/\/www.pcimembranes.com\/wp-content\/uploads\/2021\/08\/soy-sauce-1-1536x1287.jpg 1536w\" sizes=\"auto, (max-width: 1928px) 100vw, 1928px\" \/><div class=\"wp-block-cover__inner-container is-layout-flow wp-block-cover-is-layout-flow\">\n<h1 class=\"wp-block-heading has-text-align-center has-white-color has-text-color\">Filtracja Membranowa W Produkcji Sosu Sojowego<\/h1>\n<\/div><\/div>\n\n\n\n<!--Close-->\t\n<\/div><\/div><\/section>\n<!--Menu-->\n<div class=\"no-top-margin\">\n<div class=\"msb-sticky-bar\">\n<div class=\"container\">\n  <div class=\"row\">\n    <div class=\"col-sm text-center\">\n      <a href=\"https:\/\/www.pcimembranes.com\/contact\/\" class=\"btn btn-primary solution-trigger\">POROZMAWIAJ Z NASZYM EKSPERTEM<\/a>\n    <\/div>\n  <\/div>\n<\/div>\n<\/div>\n<\/div>\n<!--Open-->\n<section class=\"container\"><div class=\"row\"><div class=\"col-md-12\">\n\n\n\n<figure class=\"wp-block-pullquote\"><blockquote><p>Klarowanie jest kluczowym etapem produkcji sosu sojowego. Celem jest uczynienie sosu sojowego klarownym, zachowuj\u0105c jednocze\u015bnie witaminy, minera\u0142y, bia\u0142ka i przeciwutleniacze oraz zapewniaj\u0105c odpowiedni\u0105 trwa\u0142o\u015b\u0107. PCI Membranes oferuje rozwi\u0105zania membran spiralnych, kt\u00f3re chroni\u0105 sk\u0142adniki od\u017cywcze, ograniczaj\u0105c jednocze\u015bnie dodawanie \u015brodk\u00f3w konserwuj\u0105cych. Ponadto jako\u015b\u0107 i identyfikowalno\u015b\u0107 naszych produkt\u00f3w pozwalaj\u0105 nam zapewni\u0107 sta\u0142\u0105 i niezawodn\u0105 wydajno\u015b\u0107.<\/p><\/blockquote><\/figure>\n\n\n\n<hr class=\"wp-block-separator has-css-opacity is-style-default\" \/>\n\n\n\n<div style=\"height:21px\" aria-hidden=\"true\" class=\"wp-block-spacer\"><\/div>\n\n\n\n<h2 class=\"wp-block-heading\">Klaryfikacja sosu sojowego<\/h2>\n\n\n\n<div style=\"height:21px\" aria-hidden=\"true\" class=\"wp-block-spacer\"><\/div>\n\n\n\n<p>Jako tradycyjna fermentowana \u017cywno\u015b\u0107 w Azji Wschodniej, sos sojowy sta\u0142 si\u0119 szeroko stosowan\u0105 przypraw\u0105 na ca\u0142ym \u015bwiecie. Sos sojowy powstaje z soi i pszenicy poprzez z\u0142o\u017cone procesy fermentacji obejmuj\u0105ce kataliz\u0119 enzymatyczn\u0105 przez mikroorganizmy. Z czasem sacharydy, azot aminokwasowy, kwasy organiczne i inne sk\u0142adniki, kt\u00f3re sk\u0142adaj\u0105 si\u0119 na sos sojowy, nadaj\u0105 mu unikalny smak.<\/p>\n\n\n\n<p>Po kilku miesi\u0105cach warzenia surowy sos sojowy zawiera du\u017ce ilo\u015bci sfermentowanego zacieru, kt\u00f3ry jest zwykle filtrowany w celu usuni\u0119cia dodatkowych zawieszonych substancji sta\u0142ych; nast\u0119pnie wymagane jest ostateczne rafinowanie w celu ustabilizowania jego smaku i koloru. Membrany ultrafiltracyjne rafinuj\u0105 filtrowany sos sojowy, zatrzymuj\u0105c reakcj\u0119 mikrobiologiczn\u0105 i enzymatyczn\u0105. Ten ostatni krok przed butelkowaniem klaruje sos, zachowuj\u0105c jednocze\u015bnie w\u0142a\u015bciwo\u015bci organoleptyczne i elementy od\u017cywcze sosu sojowego. Umo\u017cliwia r\u00f3wnie\u017c usuni\u0119cie mikroorganizm\u00f3w, co zatrzyma proces fermentacji i ustabilizuje sos sojowy, zapewniaj\u0105c d\u0142ugi okres przydatno\u015bci do spo\u017cycia.<\/p>\n\n\n\n<p>Tradycyjne metody produkcji sosu sojowego wymagaj\u0105 kilku operacji wsadowych, kt\u00f3re s\u0105 pracoch\u0142onne i czasoch\u0142onne. Ponadto te metody nie usuwaj\u0105 mikroorganizm\u00f3w i bakterii, co ogranicza czas przydatno\u015bci produktu. Stosowanie membran spiralnych przynosi kilka korzy\u015bci: uzyskanie wysokiej klarowno\u015bci, zachowanie dobrego smaku i sk\u0142adnik\u00f3w od\u017cywczych, zatrzymanie rozpuszczalnych bia\u0142ek, a tak\u017ce zapewnienie niewielkiego stopnia zbr\u0105zowienia. Ponadto jest to op\u0142acalne i wymaga niewielkiej konserwacji.<\/p>\n\n\n\n<div style=\"height:21px\" aria-hidden=\"true\" class=\"wp-block-spacer\"><\/div>\n\n\n\n<div class=\"wp-block-cover alignfull is-light\" style=\"min-height:186px;aspect-ratio:unset;\"><span aria-hidden=\"true\" class=\"wp-block-cover__background has-background-dim-10 has-background-dim\"><\/span><img loading=\"lazy\" decoding=\"async\" width=\"2560\" height=\"783\" class=\"wp-block-cover__image-background wp-image-2879\" alt=\"\" src=\"https:\/\/www.pcimembranes.com\/wp-content\/uploads\/2021\/08\/banner-heading-3-scaled.jpg\" data-object-fit=\"cover\" srcset=\"https:\/\/www.pcimembranes.com\/wp-content\/uploads\/2021\/08\/banner-heading-3-scaled.jpg 2560w, https:\/\/www.pcimembranes.com\/wp-content\/uploads\/2021\/08\/banner-heading-3-300x92.jpg 300w, https:\/\/www.pcimembranes.com\/wp-content\/uploads\/2021\/08\/banner-heading-3-1024x313.jpg 1024w, https:\/\/www.pcimembranes.com\/wp-content\/uploads\/2021\/08\/banner-heading-3-768x235.jpg 768w, https:\/\/www.pcimembranes.com\/wp-content\/uploads\/2021\/08\/banner-heading-3-1536x470.jpg 1536w, https:\/\/www.pcimembranes.com\/wp-content\/uploads\/2021\/08\/banner-heading-3-2048x626.jpg 2048w\" sizes=\"auto, (max-width: 2560px) 100vw, 2560px\" \/><div class=\"wp-block-cover__inner-container is-layout-flow wp-block-cover-is-layout-flow\">\n<h2 class=\"wp-block-heading has-text-align-center has-dark-gray-color has-text-color\">Kroki procesu klarowania sosu sojowego<\/h2>\n<\/div><\/div>\n\n\n\n<div style=\"height:21px\" aria-hidden=\"true\" class=\"wp-block-spacer\"><\/div>\n\n\n\n<div class=\"wp-block-columns are-vertically-aligned-center is-layout-flex wp-container-core-columns-is-layout-9d6595d7 wp-block-columns-is-layout-flex\">\n<div class=\"wp-block-column is-vertically-aligned-center is-layout-flow wp-block-column-is-layout-flow\" style=\"flex-basis:66.66%\">\n<p>Produkcja sosu sojowego dzieli si\u0119 na 4 g\u0142\u00f3wne etapy: przygotowanie surowego sosu sojowego, osadzanie statyczne, wst\u0119pna filtracja i mikrofiltracja przy u\u017cyciu membran spiralnych, a tak\u017ce szereg podetap\u00f3w.<\/p>\n\n\n\n<p>\u2022 Podczas statycznego osadzania fermentacja sosu sojowego wytwarza du\u017ce ilo\u015bci sfermentowanego zacieru i zawieszonych cia\u0142 sta\u0142ych, kt\u00f3re b\u0119d\u0105 musia\u0142y zosta\u0107 wst\u0119pnie przefiltrowane.<\/p>\n\n\n\n<p>\u2022 Etap mikrofiltracji z wykorzystaniem membran spiralnych o punkcie odci\u0119cia wynosz\u0105cej 500 000 Da usunie bia\u0142ka makrocz\u0105steczkowe i materi\u0119 organiczn\u0105, a tak\u017ce koloidy, jednocze\u015bnie poprawiaj\u0105c klarowno\u015b\u0107 sosu. Membrany u\u017cywane w tym etapie usuwaj\u0105 r\u00f3wnie\u017c bakterie i mikroorganizmy, zapewniaj\u0105c d\u0142ugi okres przydatno\u015bci do spo\u017cycia. W tym zastosowaniu zalecamy stosowanie membran spiralnych typu FG-SpiraCore MF500.<\/p>\n<\/div>\n\n\n\n<div class=\"wp-block-column is-vertically-aligned-center is-layout-flow wp-block-column-is-layout-flow\" style=\"flex-basis:33.33%\"><div class=\"wp-block-image is-style-default\">\n<figure class=\"aligncenter size-large\"><img loading=\"lazy\" decoding=\"async\" width=\"150\" height=\"416\" src=\"https:\/\/www.pcimembranes.com\/wp-content\/uploads\/2021\/08\/soy-sauce-prodution-steps.png\" alt=\"\" class=\"wp-image-2885\" srcset=\"https:\/\/www.pcimembranes.com\/wp-content\/uploads\/2021\/08\/soy-sauce-prodution-steps.png 150w, https:\/\/www.pcimembranes.com\/wp-content\/uploads\/2021\/08\/soy-sauce-prodution-steps-108x300.png 108w\" sizes=\"auto, (max-width: 150px) 100vw, 150px\" \/><\/figure>\n<\/div><\/div>\n<\/div>\n\n\n\n<div style=\"height:21px\" aria-hidden=\"true\" class=\"wp-block-spacer\"><\/div>\n\n\n\n<div class=\"wp-block-cover alignfull is-light\" style=\"min-height:186px;aspect-ratio:unset;\"><span aria-hidden=\"true\" class=\"wp-block-cover__background has-background-dim-10 has-background-dim\"><\/span><img loading=\"lazy\" decoding=\"async\" width=\"2560\" height=\"783\" class=\"wp-block-cover__image-background wp-image-2879\" alt=\"\" src=\"https:\/\/www.pcimembranes.com\/wp-content\/uploads\/2021\/08\/banner-heading-3-scaled.jpg\" data-object-fit=\"cover\" srcset=\"https:\/\/www.pcimembranes.com\/wp-content\/uploads\/2021\/08\/banner-heading-3-scaled.jpg 2560w, https:\/\/www.pcimembranes.com\/wp-content\/uploads\/2021\/08\/banner-heading-3-300x92.jpg 300w, https:\/\/www.pcimembranes.com\/wp-content\/uploads\/2021\/08\/banner-heading-3-1024x313.jpg 1024w, https:\/\/www.pcimembranes.com\/wp-content\/uploads\/2021\/08\/banner-heading-3-768x235.jpg 768w, https:\/\/www.pcimembranes.com\/wp-content\/uploads\/2021\/08\/banner-heading-3-1536x470.jpg 1536w, https:\/\/www.pcimembranes.com\/wp-content\/uploads\/2021\/08\/banner-heading-3-2048x626.jpg 2048w\" sizes=\"auto, (max-width: 2560px) 100vw, 2560px\" \/><div class=\"wp-block-cover__inner-container is-layout-flow wp-block-cover-is-layout-flow\">\n<h2 class=\"wp-block-heading has-text-align-center has-dark-gray-color has-text-color\">Technologia membran spiralnych<\/h2>\n<\/div><\/div>\n\n\n\n<div class=\"wp-block-columns are-vertically-aligned-center is-layout-flex wp-container-core-columns-is-layout-9d6595d7 wp-block-columns-is-layout-flex\">\n<div class=\"wp-block-column is-vertically-aligned-center is-layout-flow wp-block-column-is-layout-flow\" style=\"flex-basis:66.66%\">\n<h3 class=\"wp-block-heading\">How the spiral wound moduJak dzia\u0142a elementy membrany spiralnej:le works:<\/h3>\n\n\n\n<p>Elementy membrany spiralnej sk\u0142adaj\u0105 si\u0119 z przek\u0142adki zasilaj\u0105cej, dw\u00f3ch arkuszy membrany i przek\u0142adki permeatu.<\/p>\n\n\n\n<p>Ciecz zasilaj\u0105ca jest dostarczana do strony zasilaj\u0105cej modu\u0142 membranowy, wchodz\u0105c do przek\u0142adek zasilaj\u0105cych. Oczyszczona woda przechodzi przez arkusze membrany i jest zbierana w przek\u0142adkach permeatu a nast\u0119pnie pod\u0105\u017caj\u0105c spiralnym ci\u0105giem opuszcza przez centraln\u0105 rur\u0119 zbiorcz\u0105. Pozosta\u0142a ciecz zasilaj\u0105ca przechodzi przez modu\u0142 membranowy i opuszcza go w przeciwleg\u0142ym ko\u0144ca od zasilania. Modu\u0142 membrany spiralnej sk\u0142ada si\u0119 z jednego lub wi\u0119cej element\u00f3w zainstalowanych szeregowo.<\/p>\n<\/div>\n\n\n\n<div class=\"wp-block-column is-vertically-aligned-center is-layout-flow wp-block-column-is-layout-flow\" style=\"flex-basis:33.33%\">\n<figure class=\"wp-block-image size-large is-style-default\"><img loading=\"lazy\" decoding=\"async\" width=\"612\" height=\"408\" src=\"https:\/\/www.pcimembranes.com\/wp-content\/uploads\/2021\/08\/FG_spira_core_3-removebg-preview.png\" alt=\"\" class=\"wp-image-2777\" srcset=\"https:\/\/www.pcimembranes.com\/wp-content\/uploads\/2021\/08\/FG_spira_core_3-removebg-preview.png 612w, https:\/\/www.pcimembranes.com\/wp-content\/uploads\/2021\/08\/FG_spira_core_3-removebg-preview-300x200.png 300w, https:\/\/www.pcimembranes.com\/wp-content\/uploads\/2021\/08\/FG_spira_core_3-removebg-preview-272x182.png 272w\" sizes=\"auto, (max-width: 612px) 100vw, 612px\" \/><\/figure>\n<\/div>\n<\/div>\n\n\n\n<h3 class=\"wp-block-heading\">Zalety stosowania Mikrofiltracyjnych Membran Spiralnych firmy PCI Membranes<\/h3>\n\n\n\n<p>Stosowane w filtracji sosu sojowego membrany spiralne typu FG-SPIRACORE MF500 firmy PCI Membranes s\u0105 wykonane z materia\u0142u PVDF o punkcie odci\u0119cia wynosz\u0105cym 500 000 Dalton\u00f3w. G\u0142\u00f3wn\u0105 zalet\u0105 stosowania tego materia\u0142u jest jego dobra odporno\u015b\u0107 chemiczna, kt\u00f3ra zapewnia szeroki zakres pracy pH (2-11) i wysok\u0105 tolerancj\u0119 na chlor.<\/p>\n\n\n\n<p>Seria membran spiralnych typu FG-SpiraCore EXC-So-MF jest dost\u0119pna w kilku grubo\u015bciach przek\u0142adek zasilaj\u0105cych. Wi\u0119cej informacji mo\u017cna uzyska\u0107 przez <a href=\"https:\/\/www.pcimembranes.com\/contact\/\">KONTAKT Z PCI Membranes<\/a>.<\/p>\n","protected":false},"excerpt":{"rendered":"<p>POROZMAWIAJ Z NASZYM EKSPERTEM Klarowanie jest kluczowym etapem produkcji sosu sojowego. Celem jest uczynienie sosu sojowego klarownym, zachowuj\u0105c jednocze\u015bnie witaminy, minera\u0142y, bia\u0142ka i przeciwutleniacze oraz zapewniaj\u0105c odpowiedni\u0105 trwa\u0142o\u015b\u0107. PCI Membranes oferuje rozwi\u0105zania membran spiralnych, kt\u00f3re chroni\u0105 sk\u0142adniki od\u017cywcze, ograniczaj\u0105c jednocze\u015bnie dodawanie \u015brodk\u00f3w konserwuj\u0105cych. Ponadto jako\u015b\u0107 i identyfikowalno\u015b\u0107 naszych produkt\u00f3w pozwalaj\u0105 nam zapewni\u0107 sta\u0142\u0105 i niezawodn\u0105 [&hellip;]<\/p>\n","protected":false},"author":9,"featured_media":0,"parent":0,"menu_order":0,"comment_status":"closed","ping_status":"closed","template":"","meta":{"_acf_changed":false,"content-type":"","footnotes":""},"class_list":["post-8065","page","type-page","status-publish","hentry"],"acf":[],"yoast_head":"<!-- This site is optimized with the Yoast SEO plugin v27.3 - https:\/\/yoast.com\/product\/yoast-seo-wordpress\/ -->\n<title>Filtracja Membranowa W Produkcji Sosu Sojowego - PCI Membranes<\/title>\n<meta name=\"robots\" content=\"index, follow, max-snippet:-1, max-image-preview:large, max-video-preview:-1\" \/>\n<link rel=\"canonical\" href=\"https:\/\/www.pcimembranes.com\/pl\/filtracja-membranowa-w-produkcji-sosu-sojowego\/\" \/>\n<meta property=\"og:locale\" content=\"pl_PL\" \/>\n<meta property=\"og:type\" content=\"article\" \/>\n<meta property=\"og:title\" content=\"Filtracja Membranowa W Produkcji Sosu Sojowego - PCI Membranes\" \/>\n<meta property=\"og:description\" content=\"POROZMAWIAJ Z NASZYM EKSPERTEM Klarowanie jest kluczowym etapem produkcji sosu sojowego. Celem jest uczynienie sosu sojowego klarownym, zachowuj\u0105c jednocze\u015bnie witaminy, minera\u0142y, bia\u0142ka i przeciwutleniacze oraz zapewniaj\u0105c odpowiedni\u0105 trwa\u0142o\u015b\u0107. PCI Membranes oferuje rozwi\u0105zania membran spiralnych, kt\u00f3re chroni\u0105 sk\u0142adniki od\u017cywcze, ograniczaj\u0105c jednocze\u015bnie dodawanie \u015brodk\u00f3w konserwuj\u0105cych. Ponadto jako\u015b\u0107 i identyfikowalno\u015b\u0107 naszych produkt\u00f3w pozwalaj\u0105 nam zapewni\u0107 sta\u0142\u0105 i niezawodn\u0105 [&hellip;]\" \/>\n<meta property=\"og:url\" content=\"https:\/\/www.pcimembranes.com\/pl\/filtracja-membranowa-w-produkcji-sosu-sojowego\/\" \/>\n<meta property=\"og:site_name\" content=\"PCI Membranes\" \/>\n<meta property=\"article:modified_time\" content=\"2024-10-22T16:27:06+00:00\" \/>\n<meta property=\"og:image\" content=\"https:\/\/www.pcimembranes.com\/wp-content\/uploads\/2021\/08\/soy-sauce-1.jpg\" \/>\n<meta name=\"twitter:card\" content=\"summary_large_image\" \/>\n<meta name=\"twitter:label1\" content=\"Szacowany czas czytania\" \/>\n\t<meta name=\"twitter:data1\" content=\"4 minuty\" \/>\n<script type=\"application\/ld+json\" class=\"yoast-schema-graph\">{\"@context\":\"https:\\\/\\\/schema.org\",\"@graph\":[{\"@type\":\"WebPage\",\"@id\":\"https:\\\/\\\/www.pcimembranes.com\\\/pl\\\/filtracja-membranowa-w-produkcji-sosu-sojowego\\\/\",\"url\":\"https:\\\/\\\/www.pcimembranes.com\\\/pl\\\/filtracja-membranowa-w-produkcji-sosu-sojowego\\\/\",\"name\":\"Filtracja Membranowa W Produkcji Sosu Sojowego - PCI Membranes\",\"isPartOf\":{\"@id\":\"https:\\\/\\\/www.pcimembranes.com\\\/pl\\\/#website\"},\"primaryImageOfPage\":{\"@id\":\"https:\\\/\\\/www.pcimembranes.com\\\/pl\\\/filtracja-membranowa-w-produkcji-sosu-sojowego\\\/#primaryimage\"},\"image\":{\"@id\":\"https:\\\/\\\/www.pcimembranes.com\\\/pl\\\/filtracja-membranowa-w-produkcji-sosu-sojowego\\\/#primaryimage\"},\"thumbnailUrl\":\"https:\\\/\\\/www.pcimembranes.com\\\/wp-content\\\/uploads\\\/2021\\\/08\\\/soy-sauce-1.jpg\",\"datePublished\":\"2024-10-22T16:27:04+00:00\",\"dateModified\":\"2024-10-22T16:27:06+00:00\",\"breadcrumb\":{\"@id\":\"https:\\\/\\\/www.pcimembranes.com\\\/pl\\\/filtracja-membranowa-w-produkcji-sosu-sojowego\\\/#breadcrumb\"},\"inLanguage\":\"pl-PL\",\"potentialAction\":[{\"@type\":\"ReadAction\",\"target\":[\"https:\\\/\\\/www.pcimembranes.com\\\/pl\\\/filtracja-membranowa-w-produkcji-sosu-sojowego\\\/\"]}]},{\"@type\":\"ImageObject\",\"inLanguage\":\"pl-PL\",\"@id\":\"https:\\\/\\\/www.pcimembranes.com\\\/pl\\\/filtracja-membranowa-w-produkcji-sosu-sojowego\\\/#primaryimage\",\"url\":\"https:\\\/\\\/www.pcimembranes.com\\\/wp-content\\\/uploads\\\/2021\\\/08\\\/soy-sauce-1.jpg\",\"contentUrl\":\"https:\\\/\\\/www.pcimembranes.com\\\/wp-content\\\/uploads\\\/2021\\\/08\\\/soy-sauce-1.jpg\"},{\"@type\":\"BreadcrumbList\",\"@id\":\"https:\\\/\\\/www.pcimembranes.com\\\/pl\\\/filtracja-membranowa-w-produkcji-sosu-sojowego\\\/#breadcrumb\",\"itemListElement\":[{\"@type\":\"ListItem\",\"position\":1,\"name\":\"\",\"item\":\"https:\\\/\\\/www.pcimembranes.com\\\/pl\\\/\"},{\"@type\":\"ListItem\",\"position\":2,\"name\":\"Filtracja Membranowa W Produkcji Sosu Sojowego\"}]},{\"@type\":\"WebSite\",\"@id\":\"https:\\\/\\\/www.pcimembranes.com\\\/pl\\\/#website\",\"url\":\"https:\\\/\\\/www.pcimembranes.com\\\/pl\\\/\",\"name\":\"PCI Membranes\",\"description\":\"Making the World Safer, Healthier and More Productive\",\"publisher\":{\"@id\":\"https:\\\/\\\/www.pcimembranes.com\\\/pl\\\/#organization\"},\"potentialAction\":[{\"@type\":\"SearchAction\",\"target\":{\"@type\":\"EntryPoint\",\"urlTemplate\":\"https:\\\/\\\/www.pcimembranes.com\\\/pl\\\/?s={search_term_string}\"},\"query-input\":{\"@type\":\"PropertyValueSpecification\",\"valueRequired\":true,\"valueName\":\"search_term_string\"}}],\"inLanguage\":\"pl-PL\"},{\"@type\":\"Organization\",\"@id\":\"https:\\\/\\\/www.pcimembranes.com\\\/pl\\\/#organization\",\"name\":\"Filtration Group\",\"url\":\"https:\\\/\\\/www.pcimembranes.com\\\/pl\\\/\",\"logo\":{\"@type\":\"ImageObject\",\"inLanguage\":\"pl-PL\",\"@id\":\"https:\\\/\\\/www.pcimembranes.com\\\/pl\\\/#\\\/schema\\\/logo\\\/image\\\/\",\"url\":\"https:\\\/\\\/www.pcimembranes.com\\\/wp-content\\\/uploads\\\/2019\\\/06\\\/FGC-logo-1.png\",\"contentUrl\":\"https:\\\/\\\/www.pcimembranes.com\\\/wp-content\\\/uploads\\\/2019\\\/06\\\/FGC-logo-1.png\",\"width\":1104,\"height\":224,\"caption\":\"Filtration Group\"},\"image\":{\"@id\":\"https:\\\/\\\/www.pcimembranes.com\\\/pl\\\/#\\\/schema\\\/logo\\\/image\\\/\"}}]}<\/script>\n<!-- \/ Yoast SEO plugin. -->","yoast_head_json":{"title":"Filtracja Membranowa W Produkcji Sosu Sojowego - PCI Membranes","robots":{"index":"index","follow":"follow","max-snippet":"max-snippet:-1","max-image-preview":"max-image-preview:large","max-video-preview":"max-video-preview:-1"},"canonical":"https:\/\/www.pcimembranes.com\/pl\/filtracja-membranowa-w-produkcji-sosu-sojowego\/","og_locale":"pl_PL","og_type":"article","og_title":"Filtracja Membranowa W Produkcji Sosu Sojowego - PCI Membranes","og_description":"POROZMAWIAJ Z NASZYM EKSPERTEM Klarowanie jest kluczowym etapem produkcji sosu sojowego. Celem jest uczynienie sosu sojowego klarownym, zachowuj\u0105c jednocze\u015bnie witaminy, minera\u0142y, bia\u0142ka i przeciwutleniacze oraz zapewniaj\u0105c odpowiedni\u0105 trwa\u0142o\u015b\u0107. PCI Membranes oferuje rozwi\u0105zania membran spiralnych, kt\u00f3re chroni\u0105 sk\u0142adniki od\u017cywcze, ograniczaj\u0105c jednocze\u015bnie dodawanie \u015brodk\u00f3w konserwuj\u0105cych. Ponadto jako\u015b\u0107 i identyfikowalno\u015b\u0107 naszych produkt\u00f3w pozwalaj\u0105 nam zapewni\u0107 sta\u0142\u0105 i niezawodn\u0105 [&hellip;]","og_url":"https:\/\/www.pcimembranes.com\/pl\/filtracja-membranowa-w-produkcji-sosu-sojowego\/","og_site_name":"PCI Membranes","article_modified_time":"2024-10-22T16:27:06+00:00","og_image":[{"url":"https:\/\/www.pcimembranes.com\/wp-content\/uploads\/2021\/08\/soy-sauce-1.jpg","type":"","width":"","height":""}],"twitter_card":"summary_large_image","twitter_misc":{"Szacowany czas czytania":"4 minuty"},"schema":{"@context":"https:\/\/schema.org","@graph":[{"@type":"WebPage","@id":"https:\/\/www.pcimembranes.com\/pl\/filtracja-membranowa-w-produkcji-sosu-sojowego\/","url":"https:\/\/www.pcimembranes.com\/pl\/filtracja-membranowa-w-produkcji-sosu-sojowego\/","name":"Filtracja Membranowa W Produkcji Sosu Sojowego - PCI Membranes","isPartOf":{"@id":"https:\/\/www.pcimembranes.com\/pl\/#website"},"primaryImageOfPage":{"@id":"https:\/\/www.pcimembranes.com\/pl\/filtracja-membranowa-w-produkcji-sosu-sojowego\/#primaryimage"},"image":{"@id":"https:\/\/www.pcimembranes.com\/pl\/filtracja-membranowa-w-produkcji-sosu-sojowego\/#primaryimage"},"thumbnailUrl":"https:\/\/www.pcimembranes.com\/wp-content\/uploads\/2021\/08\/soy-sauce-1.jpg","datePublished":"2024-10-22T16:27:04+00:00","dateModified":"2024-10-22T16:27:06+00:00","breadcrumb":{"@id":"https:\/\/www.pcimembranes.com\/pl\/filtracja-membranowa-w-produkcji-sosu-sojowego\/#breadcrumb"},"inLanguage":"pl-PL","potentialAction":[{"@type":"ReadAction","target":["https:\/\/www.pcimembranes.com\/pl\/filtracja-membranowa-w-produkcji-sosu-sojowego\/"]}]},{"@type":"ImageObject","inLanguage":"pl-PL","@id":"https:\/\/www.pcimembranes.com\/pl\/filtracja-membranowa-w-produkcji-sosu-sojowego\/#primaryimage","url":"https:\/\/www.pcimembranes.com\/wp-content\/uploads\/2021\/08\/soy-sauce-1.jpg","contentUrl":"https:\/\/www.pcimembranes.com\/wp-content\/uploads\/2021\/08\/soy-sauce-1.jpg"},{"@type":"BreadcrumbList","@id":"https:\/\/www.pcimembranes.com\/pl\/filtracja-membranowa-w-produkcji-sosu-sojowego\/#breadcrumb","itemListElement":[{"@type":"ListItem","position":1,"name":"","item":"https:\/\/www.pcimembranes.com\/pl\/"},{"@type":"ListItem","position":2,"name":"Filtracja Membranowa W Produkcji Sosu Sojowego"}]},{"@type":"WebSite","@id":"https:\/\/www.pcimembranes.com\/pl\/#website","url":"https:\/\/www.pcimembranes.com\/pl\/","name":"PCI Membranes","description":"Making the World Safer, Healthier and More Productive","publisher":{"@id":"https:\/\/www.pcimembranes.com\/pl\/#organization"},"potentialAction":[{"@type":"SearchAction","target":{"@type":"EntryPoint","urlTemplate":"https:\/\/www.pcimembranes.com\/pl\/?s={search_term_string}"},"query-input":{"@type":"PropertyValueSpecification","valueRequired":true,"valueName":"search_term_string"}}],"inLanguage":"pl-PL"},{"@type":"Organization","@id":"https:\/\/www.pcimembranes.com\/pl\/#organization","name":"Filtration Group","url":"https:\/\/www.pcimembranes.com\/pl\/","logo":{"@type":"ImageObject","inLanguage":"pl-PL","@id":"https:\/\/www.pcimembranes.com\/pl\/#\/schema\/logo\/image\/","url":"https:\/\/www.pcimembranes.com\/wp-content\/uploads\/2019\/06\/FGC-logo-1.png","contentUrl":"https:\/\/www.pcimembranes.com\/wp-content\/uploads\/2019\/06\/FGC-logo-1.png","width":1104,"height":224,"caption":"Filtration Group"},"image":{"@id":"https:\/\/www.pcimembranes.com\/pl\/#\/schema\/logo\/image\/"}}]}},"_links":{"self":[{"href":"https:\/\/www.pcimembranes.com\/pl\/wp-json\/wp\/v2\/pages\/8065","targetHints":{"allow":["GET"]}}],"collection":[{"href":"https:\/\/www.pcimembranes.com\/pl\/wp-json\/wp\/v2\/pages"}],"about":[{"href":"https:\/\/www.pcimembranes.com\/pl\/wp-json\/wp\/v2\/types\/page"}],"author":[{"embeddable":true,"href":"https:\/\/www.pcimembranes.com\/pl\/wp-json\/wp\/v2\/users\/9"}],"replies":[{"embeddable":true,"href":"https:\/\/www.pcimembranes.com\/pl\/wp-json\/wp\/v2\/comments?post=8065"}],"version-history":[{"count":0,"href":"https:\/\/www.pcimembranes.com\/pl\/wp-json\/wp\/v2\/pages\/8065\/revisions"}],"wp:attachment":[{"href":"https:\/\/www.pcimembranes.com\/pl\/wp-json\/wp\/v2\/media?parent=8065"}],"curies":[{"name":"wp","href":"https:\/\/api.w.org\/{rel}","templated":true}]}}